{"id":2432,"date":"2022-03-19T22:39:49","date_gmt":"2022-03-19T20:39:49","guid":{"rendered":"https:\/\/internationalbusiness.law\/?page_id=2432"},"modified":"2024-07-18T08:45:49","modified_gmt":"2024-07-18T07:45:49","slug":"imprint","status":"publish","type":"page","link":"https:\/\/internationalbusiness.law\/de\/imprint\/","title":{"rendered":"Impressum"},"content":{"rendered":"<div data-elementor-type=\"wp-page\" data-elementor-id=\"2432\" class=\"elementor elementor-2432\" data-elementor-settings=\"{&quot;element_pack_global_tooltip_width&quot;:{&quot;unit&quot;:&quot;px&quot;,&quot;size&quot;:&quot;&quot;,&quot;sizes&quot;:[]},&quot;element_pack_global_tooltip_width_tablet&quot;:{&quot;unit&quot;:&quot;px&quot;,&quot;size&quot;:&quot;&quot;,&quot;sizes&quot;:[]},&quot;element_pack_global_tooltip_width_mobile&quot;:{&quot;unit&quot;:&quot;px&quot;,&quot;size&quot;:&quot;&quot;,&quot;sizes&quot;:[]},&quot;element_pack_global_tooltip_padding&quot;:{&quot;unit&quot;:&quot;px&quot;,&quot;top&quot;:&quot;&quot;,&quot;right&quot;:&quot;&quot;,&quot;bottom&quot;:&quot;&quot;,&quot;left&quot;:&quot;&quot;,&quot;isLinked&quot;:true},&quot;element_pack_global_tooltip_padding_tablet&quot;:{&quot;unit&quot;:&quot;px&quot;,&quot;top&quot;:&quot;&quot;,&quot;right&quot;:&quot;&quot;,&quot;bottom&quot;:&quot;&quot;,&quot;left&quot;:&quot;&quot;,&quot;isLinked&quot;:true},&quot;element_pack_global_tooltip_padding_mobile&quot;:{&quot;unit&quot;:&quot;px&quot;,&quot;top&quot;:&quot;&quot;,&quot;right&quot;:&quot;&quot;,&quot;bottom&quot;:&quot;&quot;,&quot;left&quot;:&quot;&quot;,&quot;isLinked&quot;:true},&quot;element_pack_global_tooltip_border_radius&quot;:{&quot;unit&quot;:&quot;px&quot;,&quot;top&quot;:&quot;&quot;,&quot;right&quot;:&quot;&quot;,&quot;bottom&quot;:&quot;&quot;,&quot;left&quot;:&quot;&quot;,&quot;isLinked&quot;:true},&quot;element_pack_global_tooltip_border_radius_tablet&quot;:{&quot;unit&quot;:&quot;px&quot;,&quot;top&quot;:&quot;&quot;,&quot;right&quot;:&quot;&quot;,&quot;bottom&quot;:&quot;&quot;,&quot;left&quot;:&quot;&quot;,&quot;isLinked&quot;:true},&quot;element_pack_global_tooltip_border_radius_mobile&quot;:{&quot;unit&quot;:&quot;px&quot;,&quot;top&quot;:&quot;&quot;,&quot;right&quot;:&quot;&quot;,&quot;bottom&quot;:&quot;&quot;,&quot;left&quot;:&quot;&quot;,&quot;isLinked&quot;:true}}\">\n\t\t\t\t\t\t<section class=\"elementor-section elementor-top-section elementor-element elementor-element-016592a elementor-section-boxed elementor-section-height-default elementor-section-height-default\" data-id=\"016592a\" data-element_type=\"section\" data-e-type=\"section\">\n\t\t\t\t\t\t<div class=\"elementor-container elementor-column-gap-default\">\n\t\t\t\t\t<div class=\"elementor-column elementor-col-100 elementor-top-column elementor-element elementor-element-8cf53d7\" data-id=\"8cf53d7\" data-element_type=\"column\" data-e-type=\"column\">\n\t\t\t<div class=\"elementor-widget-wrap elementor-element-populated\">\n\t\t\t\t\t\t<div class=\"elementor-element elementor-element-33be456 elementor-widget elementor-widget-html\" data-id=\"33be456\" data-element_type=\"widget\" data-e-type=\"widget\" data-widget_type=\"html.default\">\n\t\t\t\t<div class=\"elementor-widget-container\">\n\t\t\t\t\t<h2>Angaben gem\u00e4\u00df \u00a7 5 TMG<\/h2>\ninternationalbusiness.law Rechtsanwaltsgesellschaft mbH<br \/>\nGru\u00dfdorfstra\u00dfe 3<br \/>\n13507 Berlin<br>\nDeutschland<br><br>\nSitz: Berlin<br>\nAmtsgericht Charlottenburg, HRB 251073 B<br>\nGesch\u00e4ftsf\u00fchrung: Dennis Tatari<\/p>\n\n<h2>Kontakt<\/h2>\n<p>Telefon: +49 30 39 88 11 72<br \/>\nE-Mail: mail@internationalbusiness.law<\/p>\n\n<h2>Umsatzsteuer-ID<\/h2>\n<p>Umsatzsteuer-Identifikationsnummer gem\u00e4\u00df \u00a7 27 a Umsatzsteuergesetz:<br \/>\nDE360035032<\/p>\n\n<h2>Berufsbezeichnung und berufsrechtliche Regelungen<\/h2>\n<p>Berufsbezeichnung:<br \/>\nRechtsanwaltsgesellschaft <\/p>\n<p>Zust\u00e4ndige Kammer:<br \/>\nRechtsanwaltskammer Berlin<br \/>\nLittenstr. 9<br \/>\n10179 Berlin<\/br>\nDeutschland<\/p>\n<p>Verliehen in:<br \/>\nDeutschland<\/p>\n<p>Es gelten insbesondere folgende berufsrechtliche Regelungen:<\/p>\n<p>Bundesrechtsanwaltsordnung<br \/>\n einsehbar unter: <a href=\"https:\/\/brak.de\/\" target=\"_blank\" rel=\"noopener noreferrer\">https:\/\/brak.de\/<\/a><\/p>\n<p>Berufsordnung f\u00fcr Rechtsanw\u00e4lte<br \/>\n einsehbar unter: <a href=\"https:\/\/brak.de\/\" target=\"_blank\" rel=\"noopener noreferrer\">https:\/\/brak.de\/<\/a><\/p>\n<p>Fachanwaltsordnung<br \/>\n einsehbar unter: <a href=\"https:\/\/brak.de\/\" target=\"_blank\" rel=\"noopener noreferrer\">https:\/\/brak.de\/<\/a><\/p>\n<p>Gesetz \u00fcber die Verg\u00fctung der Rechtsanw\u00e4ltinnen und Rechtsanw\u00e4lte<br \/>\n einsehbar unter: <a href=\"https:\/\/brak.de\/\" target=\"_blank\" rel=\"noopener noreferrer\">https:\/\/brak.de\/<\/a><\/p>\n<p>Berufsregeln der Rechtsanw\u00e4lte der Europ\u00e4ischen Gemeinschaft<br \/>\n einsehbar unter: <a href=\"https:\/\/brak.de\/\" target=\"_blank\" rel=\"noopener noreferrer\">https:\/\/brak.de\/<\/a><\/p>\n<h2>Angaben zur Berufshaftpflichtversicherung<\/h2>\n<p><strong>Name und Sitz des Versicherers:<\/strong><br \/>\nERGO Versicherung AG<br>\nERGO Platz 1<br>\n40477 D\u00fcsseldorf<br>\nDeutschland\n<p><strong>Geltungsbereich der Versicherung:<\/strong><br \/>Weltweite Geltung<\/p>\n\n<h2>EU-Streitschlichtung<\/h2>\n<p>Die Europ\u00e4ische Kommission stellt eine Plattform zur Online-Streitbeilegung (OS) bereit: <a href=\"https:\/\/ec.europa.eu\/consumers\/odr\/\" target=\"_blank\" rel=\"noopener noreferrer\">https:\/\/ec.europa.eu\/consumers\/odr\/<\/a>.<br \/> Unsere E-Mail-Adresse finden Sie oben im Impressum.<\/p>\n\n<h2>Verbraucherstreitbeilegung\/Universalschlichtungsstelle<\/h2>\n<p>Wir sind nicht bereit oder verpflichtet, an Streitbeilegungsverfahren vor einer Verbraucherschlichtungsstelle teilzunehmen.<\/p>\t\t\t\t<\/div>\n\t\t\t\t<\/div>\n\t\t\t\t<div class=\"elementor-element elementor-element-7c6981b elementor-widget elementor-widget-spacer\" data-id=\"7c6981b\" data-element_type=\"widget\" data-e-type=\"widget\" data-widget_type=\"spacer.default\">\n\t\t\t\t<div class=\"elementor-widget-container\">\n\t\t\t\t\t\t\t<div class=\"elementor-spacer\">\n\t\t\t<div class=\"elementor-spacer-inner\"><\/div>\n\t\t<\/div>\n\t\t\t\t\t\t<\/div>\n\t\t\t\t<\/div>\n\t\t\t\t\t<\/div>\n\t\t<\/div>\n\t\t\t\t\t<\/div>\n\t\t<\/section>\n\t\t\t\t<\/div>","protected":false},"excerpt":{"rendered":"<p>Angaben gem&auml;&szlig; &sect; 5 TMG internationalbusiness.law Rechtsanwaltsgesellschaft mbH Gru\u00dfdorfstra\u00dfe 3 [&hellip;]<\/p>\n","protected":false},"author":1,"featured_media":0,"parent":0,"menu_order":0,"comment_status":"closed","ping_status":"closed","template":"","meta":{"footnotes":""},"class_list":["post-2432","page","type-page","status-publish","hentry"],"yoast_head":"<!-- This site is optimized with the Yoast SEO Premium plugin v24.0 (Yoast SEO v27.3) - https:\/\/yoast.com\/product\/yoast-seo-premium-wordpress\/ -->\n<title>Imprint - internationalbusiness.law<\/title>\n<meta name=\"robots\" content=\"index, follow, max-snippet:-1, max-image-preview:large, max-video-preview:-1\" \/>\n<link rel=\"canonical\" href=\"http:\/\/internationalbusiness.law\/de\/imprint\/\" \/>\n<meta property=\"og:locale\" content=\"de_DE\" \/>\n<meta property=\"og:type\" content=\"article\" \/>\n<meta property=\"og:title\" content=\"Imprint\" \/>\n<meta property=\"og:description\" content=\"Angaben gem&auml;&szlig; &sect; 5 TMG internationalbusiness.law Rechtsanwaltsgesellschaft mbH Gru\u00dfdorfstra\u00dfe 3 [&hellip;]\" \/>\n<meta property=\"og:url\" content=\"http:\/\/internationalbusiness.law\/de\/imprint\/\" \/>\n<meta property=\"og:site_name\" content=\"internationalbusiness.law\" \/>\n<meta property=\"article:modified_time\" content=\"2024-07-18T07:45:49+00:00\" \/>\n<meta property=\"og:image\" content=\"https:\/\/internationalbusiness.law\/wp-content\/uploads\/2022\/04\/20220406_Final_IBL.png\" \/>\n\t<meta property=\"og:image:width\" content=\"1417\" \/>\n\t<meta property=\"og:image:height\" content=\"1417\" \/>\n\t<meta property=\"og:image:type\" content=\"image\/png\" \/>\n<meta name=\"twitter:card\" content=\"summary_large_image\" \/>\n<script type=\"application\/ld+json\" class=\"yoast-schema-graph\">{\"@context\":\"https:\\\/\\\/schema.org\",\"@graph\":[{\"@type\":\"WebPage\",\"@id\":\"http:\\\/\\\/internationalbusiness.law\\\/de\\\/imprint\\\/\",\"url\":\"http:\\\/\\\/internationalbusiness.law\\\/de\\\/imprint\\\/\",\"name\":\"Imprint - internationalbusiness.law\",\"isPartOf\":{\"@id\":\"http:\\\/\\\/internationalbusiness.law\\\/#website\"},\"datePublished\":\"2022-03-19T20:39:49+00:00\",\"dateModified\":\"2024-07-18T07:45:49+00:00\",\"breadcrumb\":{\"@id\":\"http:\\\/\\\/internationalbusiness.law\\\/de\\\/imprint\\\/#breadcrumb\"},\"inLanguage\":\"de\",\"potentialAction\":[{\"@type\":\"ReadAction\",\"target\":[\"http:\\\/\\\/internationalbusiness.law\\\/de\\\/imprint\\\/\"]}]},{\"@type\":\"BreadcrumbList\",\"@id\":\"http:\\\/\\\/internationalbusiness.law\\\/de\\\/imprint\\\/#breadcrumb\",\"itemListElement\":[{\"@type\":\"ListItem\",\"position\":1,\"name\":\"Home\",\"item\":\"http:\\\/\\\/internationalbusiness.law\\\/\"},{\"@type\":\"ListItem\",\"position\":2,\"name\":\"Imprint\"}]},{\"@type\":\"WebSite\",\"@id\":\"http:\\\/\\\/internationalbusiness.law\\\/#website\",\"url\":\"http:\\\/\\\/internationalbusiness.law\\\/\",\"name\":\"internationalbusiness.law\",\"description\":\"Law Firm for International Businesses\",\"publisher\":{\"@id\":\"http:\\\/\\\/internationalbusiness.law\\\/#organization\"},\"potentialAction\":[{\"@type\":\"SearchAction\",\"target\":{\"@type\":\"EntryPoint\",\"urlTemplate\":\"http:\\\/\\\/internationalbusiness.law\\\/?s={search_term_string}\"},\"query-input\":{\"@type\":\"PropertyValueSpecification\",\"valueRequired\":true,\"valueName\":\"search_term_string\"}}],\"inLanguage\":\"de\"},{\"@type\":\"Organization\",\"@id\":\"http:\\\/\\\/internationalbusiness.law\\\/#organization\",\"name\":\"internationalbusiness.law Rechtsanwaltsgesellschaft mbH\",\"alternateName\":\"internationalbusiness.law\",\"url\":\"http:\\\/\\\/internationalbusiness.law\\\/\",\"logo\":{\"@type\":\"ImageObject\",\"inLanguage\":\"de\",\"@id\":\"http:\\\/\\\/internationalbusiness.law\\\/#\\\/schema\\\/logo\\\/image\\\/\",\"url\":\"https:\\\/\\\/internationalbusiness.law\\\/wp-content\\\/uploads\\\/2022\\\/04\\\/20220406_Final_IBL.png\",\"contentUrl\":\"https:\\\/\\\/internationalbusiness.law\\\/wp-content\\\/uploads\\\/2022\\\/04\\\/20220406_Final_IBL.png\",\"width\":1417,\"height\":1417,\"caption\":\"internationalbusiness.law Rechtsanwaltsgesellschaft mbH\"},\"image\":{\"@id\":\"http:\\\/\\\/internationalbusiness.law\\\/#\\\/schema\\\/logo\\\/image\\\/\"},\"sameAs\":[\"https:\\\/\\\/www.linkedin.com\\\/company\\\/internationalbusiness-law\\\/\",\"https:\\\/\\\/www.instagram.com\\\/internationalbusiness.law\\\/\"],\"email\":\"mail@internationalbusiness.law\",\"telephone\":\"+493039881172\",\"legalName\":\"internationalbusiness.law Rechtsanwaltsgesellschaft mbH\",\"foundingDate\":\"2023-02-01\",\"vatID\":\"DE360035032\",\"taxID\":\"30\\\/359\\\/52891\",\"duns\":\"344523049\",\"numberOfEmployees\":{\"@type\":\"QuantitativeValue\",\"minValue\":\"1\",\"maxValue\":\"10\"}}]}<\/script>\n<!-- \/ Yoast SEO Premium plugin. -->","yoast_head_json":{"title":"Impressum - internationalbusiness.law","robots":{"index":"index","follow":"follow","max-snippet":"max-snippet:-1","max-image-preview":"max-image-preview:large","max-video-preview":"max-video-preview:-1"},"canonical":"http:\/\/internationalbusiness.law\/de\/imprint\/","og_locale":"de_DE","og_type":"article","og_title":"Imprint","og_description":"Angaben gem&auml;&szlig; &sect; 5 TMG internationalbusiness.law Rechtsanwaltsgesellschaft mbH Gru\u00dfdorfstra\u00dfe 3 [&hellip;]","og_url":"http:\/\/internationalbusiness.law\/de\/imprint\/","og_site_name":"internationalbusiness.law","article_modified_time":"2024-07-18T07:45:49+00:00","og_image":[{"width":1417,"height":1417,"url":"https:\/\/internationalbusiness.law\/wp-content\/uploads\/2022\/04\/20220406_Final_IBL.png","type":"image\/png"}],"twitter_card":"summary_large_image","schema":{"@context":"https:\/\/schema.org","@graph":[{"@type":"WebPage","@id":"http:\/\/internationalbusiness.law\/de\/imprint\/","url":"http:\/\/internationalbusiness.law\/de\/imprint\/","name":"Impressum - internationalbusiness.law","isPartOf":{"@id":"http:\/\/internationalbusiness.law\/#website"},"datePublished":"2022-03-19T20:39:49+00:00","dateModified":"2024-07-18T07:45:49+00:00","breadcrumb":{"@id":"http:\/\/internationalbusiness.law\/de\/imprint\/#breadcrumb"},"inLanguage":"de","potentialAction":[{"@type":"ReadAction","target":["http:\/\/internationalbusiness.law\/de\/imprint\/"]}]},{"@type":"BreadcrumbList","@id":"http:\/\/internationalbusiness.law\/de\/imprint\/#breadcrumb","itemListElement":[{"@type":"ListItem","position":1,"name":"Home","item":"http:\/\/internationalbusiness.law\/"},{"@type":"ListItem","position":2,"name":"Imprint"}]},{"@type":"WebSite","@id":"http:\/\/internationalbusiness.law\/#website","url":"http:\/\/internationalbusiness.law\/","name":"internationalesbusiness.recht","description":"Anwaltskanzlei f\u00fcr internationale Unternehmen","publisher":{"@id":"http:\/\/internationalbusiness.law\/#organization"},"potentialAction":[{"@type":"SearchAction","target":{"@type":"EntryPoint","urlTemplate":"http:\/\/internationalbusiness.law\/?s={search_term_string}"},"query-input":{"@type":"PropertyValueSpecification","valueRequired":true,"valueName":"search_term_string"}}],"inLanguage":"de"},{"@type":"Organization","@id":"http:\/\/internationalbusiness.law\/#organization","name":"internationalbusiness.law Rechtsanwaltsgesellschaft mbH","alternateName":"internationalbusiness.law","url":"http:\/\/internationalbusiness.law\/","logo":{"@type":"ImageObject","inLanguage":"de","@id":"http:\/\/internationalbusiness.law\/#\/schema\/logo\/image\/","url":"https:\/\/internationalbusiness.law\/wp-content\/uploads\/2022\/04\/20220406_Final_IBL.png","contentUrl":"https:\/\/internationalbusiness.law\/wp-content\/uploads\/2022\/04\/20220406_Final_IBL.png","width":1417,"height":1417,"caption":"internationalbusiness.law Rechtsanwaltsgesellschaft mbH"},"image":{"@id":"http:\/\/internationalbusiness.law\/#\/schema\/logo\/image\/"},"sameAs":["https:\/\/www.linkedin.com\/company\/internationalbusiness-law\/","https:\/\/www.instagram.com\/internationalbusiness.law\/"],"email":"mail@internationalbusiness.law","telephone":"+493039881172","legalName":"internationalbusiness.law Rechtsanwaltsgesellschaft mbH","foundingDate":"2023-02-01","vatID":"DE360035032","taxID":"30\/359\/52891","duns":"344523049","numberOfEmployees":{"@type":"QuantitativeValue","minValue":"1","maxValue":"10"}}]}},"_links":{"self":[{"href":"https:\/\/internationalbusiness.law\/de\/wp-json\/wp\/v2\/pages\/2432","targetHints":{"allow":["GET"]}}],"collection":[{"href":"https:\/\/internationalbusiness.law\/de\/wp-json\/wp\/v2\/pages"}],"about":[{"href":"https:\/\/internationalbusiness.law\/de\/wp-json\/wp\/v2\/types\/page"}],"author":[{"embeddable":true,"href":"https:\/\/internationalbusiness.law\/de\/wp-json\/wp\/v2\/users\/1"}],"replies":[{"embeddable":true,"href":"https:\/\/internationalbusiness.law\/de\/wp-json\/wp\/v2\/comments?post=2432"}],"version-history":[{"count":6,"href":"https:\/\/internationalbusiness.law\/de\/wp-json\/wp\/v2\/pages\/2432\/revisions"}],"predecessor-version":[{"id":5264,"href":"https:\/\/internationalbusiness.law\/de\/wp-json\/wp\/v2\/pages\/2432\/revisions\/5264"}],"wp:attachment":[{"href":"https:\/\/internationalbusiness.law\/de\/wp-json\/wp\/v2\/media?parent=2432"}],"curies":[{"name":"wp","href":"https:\/\/api.w.org\/{rel}","templated":true}]}}